{"id":130,"date":"2020-09-30T18:28:09","date_gmt":"2020-09-30T16:28:09","guid":{"rendered":"https:\/\/ubq.iks.mybluehost.me\/?page_id=130"},"modified":"2020-09-30T18:28:10","modified_gmt":"2020-09-30T16:28:10","slug":"kor-claus","status":"publish","type":"page","link":"https:\/\/clauswilson.dk\/?page_id=130","title":{"rendered":"Kor-Claus"},"content":{"rendered":"\n<h4 class=\"wp-block-heading\">En begyndelse<\/h4>\n\n\n\n<p>Mit liv med kor begyndte, da jeg begyndte at spille klaver for alvor. Det l\u00e5 ligesom i luften, at for at f\u00e5 lov til at g\u00e5 til klaver hos den n\u00e6rmeste dygtige organist, skulle jeg synge i hendes kor. Det var nu ikke nogen d\u00e5rlig ting: I min tid som korleder har jeg ofte trukket veksler p\u00e5 min erfaring som korsanger. Og det der bet\u00f8d noget her var, at jeg havde sunget l\u00e6nge, alts\u00e5 i mange \u00e5r!<\/p>\n\n\n\n<h4 class=\"wp-block-heading\">FU(c)K<\/h4>\n\n\n\n<p>I b\u00f8rnekorstiden stiftede jeg bekendtskab med&nbsp;FUK. Bl.a. var jeg i \u00c5lborg og synge i et k\u00e6mpekor p\u00e5 900 mand! Vi var ogs\u00e5 i fjernsynet. Men man kunne ikke se mig, desv\u00e6rre! Jeg oplevede for f\u00f8rste gang den sociale side, hvor de friske var l\u00e6nge oppe og blev h\u00f8je p\u00e5 at snakke om piger! Vi andre pr\u00f8vede at sove.<br>En anden god baggrund for mig her var, at jeg ogs\u00e5 havde g\u00e5et til spejder i mange \u00e5r. S\u00e5 var jeg vant til lejr-kulturen, og alt det sjov omkring drenge- og pigesale, som fylder i den alder.<br>Der er virkelig langt fra at synge med i et kor, og s\u00e5 selv at lede et. Men det er en god baggrund.<\/p>\n\n\n\n<h4 class=\"wp-block-heading\">Gymnasietiden<\/h4>\n\n\n\n<p>I gymnasiet p\u00e5 Viborg Katedralskole sang jeg ogs\u00e5 med i gymnasiets kor, og jeg var i en tid ogs\u00e5 i Domkirkens Kantori.<br>Gymnasiekoret var en sjov oplevelse, is\u00e6r da vi havde en k\u00e6mpe mandegruppe af v\u00e6ldig kapable sangere, der kunne g\u00e5 fantastisk h\u00f8jt op. Allerede her blev jeg gjort opm\u00e6rksom p\u00e5 mine problemer med at ramme toner i fuld register i det h\u00f8je leje med en uopvarmet stemme!<br>Gymnasiekoret blev altid st\u00f8rre henimod en udlandsrejse. Den tur jeg fik lov til at opleve gik til&nbsp;Skt. Petersborg og Tallinn i Estland. Hm! &#8211; en k\u00e6mpeoplevelse til gl\u00e6de i resten af livet!<\/p>\n\n\n\n<h4 class=\"wp-block-heading\">Viborg Domkirke<\/h4>\n\n\n\n<p>Domkirkens Kantori var f\u00f8rst og fremmest m\u00f8det med den store personlighed,&nbsp;domorganisten Asger Pedersen. En stor tyk mand var han med et v\u00e6ldigt hum\u00f8 og k\u00e6mpe fantasi. Han huskes bl.a. for at have skrevet drejebogen (alts\u00e5 ikke musikken!) til den ber\u00f8mte &#8220;Jullerup F\u00e6rgeby&#8221; tv-julekalender, som nogle elsker at hade, fordi s\u00e6tningen &#8220;Anton, har du nu revnet dine bukser igen!&#8221; g\u00e5r igen i n\u00e6sten hvert afsnit.<\/p>\n\n\n\n<h4 class=\"wp-block-heading\">&#8220;Pligt-kor&#8221;<\/h4>\n\n\n\n<p>I studietiden i \u00c5rhus var jeg med i forskellige kor. Og jeg m\u00f8dte jo ogs\u00e5 adskillige kor qua mit organist-job. Det var nu aldrig nogen succes &#8211; der er en grund til, at jeg kun er lejlighedsvis korsanger i dag.<br>En pudsig ting var, at vi p\u00e5 konservatoriet havde pligt-kor. Jeg ved ikke, om det nogensinde har heddet s\u00e5dan, men s\u00e5dan har jeg altid opfattet det. Og det har 10 \u00e5s uddannelse p\u00e5 konservatoriet ikke \u00e6ndret ved &#8211; tv\u00e6rtimod! Organistkoret er en m\u00e6rkelig blanding af ambiti\u00f8se og kr\u00e6vende mennesker og s\u00e5 institutionen &#8220;organist-kor&#8221;, som er dr\u00e6bende langsommelig, kedelig og ineffektiv. Det korte af det lange er: Organistkoret gjorde mig heller ikke glad for at synge i kor.<\/p>\n\n\n\n<h4 class=\"wp-block-heading\">Treh\u00f8je Kommunale Musikskole<\/h4>\n\n\n\n<p>Efter min uddannelse som pianist stod jeg der og t\u00e6nkte: &#8220;Hvad nu, du?&#8221; Jeg fik job i en musikskole, der omfattede korledelse af Skibbild-N\u00f8vling koret. Og her fik jeg virkelig min sag for. Det var en h\u00e5rd start som korleder, og jeg f\u00f8lte mig absolut meget medskyldig i, at koret gik nedenom og hjem i l\u00f8bet af et halvt \u00e5r. Nuvel, det g\u00e5r op og ned, n\u00e5r man har et kor. Og at have kor kr\u00e6ver som s\u00e5 meget andet i musikerlivet nerver af st\u00e5l. Men jeg var meget gr\u00f8n.&nbsp;Og det var da meget s\u00f8dt af min musikskoleleder at bakke mig op, men alligevel.<br>Det er pudsigt, at netop denne tid gav en kontakt til en ung og meget dygtig musiker, som jeg lavede en flot afslutningskoncert med. Han kom i\u00f8vrigt til at profitere af, at mit kor holdt. For s\u00e5 voksede hans eget kor. Han er i\u00f8vrigt selv en dygtig korist, opl\u00e6rt i Herning Kirkes Drengekor.<\/p>\n\n\n\n<h4 class=\"wp-block-heading\">Skibet Kirke ved Vejle<\/h4>\n\n\n\n<p>I denne tid var jeg ogs\u00e5 ansat som organist i en kortere periode i Skibet kirke ved Vejle, hvor der var et dygtigt ungdomskor. Det blev min f\u00f8rste oplevelse med at v\u00e6re disciplin\u00e6r overfor korsangerne. Jeg skulle pr\u00f8ves af, og st\u00f8jen voksede fra gang til gang. Pludselig sagde jeg stop.&nbsp;<br>Der blev skrevet breve frem og tilbage i de n\u00e6ste par dage. Og gangen efter sad der 10-14 veldresserede og -opdragne piger p\u00e5 stolene. P\u00e5 tavlen stod der: &#8220;Love and peace&#8221;.<\/p>\n\n\n\n<h4 class=\"wp-block-heading\">Sk\u00e6ring Kirke ved \u00c5rhus<\/h4>\n\n\n\n<p>N\u00e6ste kor var et b\u00f8rne- og et voksenkor tilknyttet Sk\u00e6ring kirke ved \u00c5rhus.<br>Igen blev der brug for de gode nerver: Jeg overtog et kor p\u00e5 25 medlemmer, som p\u00e5 2-3 uger svandt ind til 4! Ups! Ovenik\u00f8bet f\u00e5r man n\u00e6sten uv\u00e6gerligt menighedsr\u00e5d og personale p\u00e5 nakken som kvittering for den d\u00e5rlige indsats!<br>Dette gjaldt dog kun b\u00f8rnekoret. Voksne er mere langmodige!<br>Men det m\u00e6rkelige var, at de 4 i b\u00f8rnekoret, der s\u00e5 kom s\u00e5 trofast, virkelig hyggede sig! Det kom endda s\u00e5 vidt, at de beklagede sig, da koret begyndte at vokse! Efter et \u00e5r var jeg klar til nye udfordringer i Vejle, og da var b\u00f8rnekoret blevet til 24 medlemmer, mens voksenkoret igen havde f\u00e5et voksev\u00e6rk.<br>Der fl\u00f8d mange t\u00e5rer, da jeg rejste, og jeg fik da et par k\u00e6re minder med. Bl.a. en lille tr\u00e6plade &#8220;til den bedste korleder i hele verden&#8221; og en halsk\u00e6de af eukalyptus-pastiller. Og&nbsp;tegninger, og en&nbsp;&#8220;anbefaling&#8221;.<\/p>\n\n\n\n<h4 class=\"wp-block-heading\">Vor Frelsers Kirke i Vejle<\/h4>\n\n\n\n<p>Vejle var et mentalt antiklimaks fra \u00c5rhus. Den vanvittige energi, som b\u00f8rn i et forstadsmilj\u00f8 er vokset op med, l\u00e5 langt fra de gumpetunge b\u00f8rn fra Vejle. Skiftet p\u00e5 det mentale landkort m\u00e5tte n\u00f8dvendigvis ogs\u00e5 udm\u00f8nte sig i et repertoire-skift.<br>Jeg rendte mine kolleger p\u00e5 d\u00f8rene, og flere kom med rigtig gode r\u00e5d. Det er godt med kolleger!<br>Efter tre \u00e5r var b\u00f8rnekoret vokset i antal og niveau, og jeg m\u00e5tte videre. Endnu engang t\u00e5rer og afskedsgaver.&nbsp;<\/p>\n\n\n\n<h4 class=\"wp-block-heading\">Cantemus-koret i Vejle<\/h4>\n\n\n\n<p>I Vejle-tiden kom ogs\u00e5&nbsp;Cantemus-koret&nbsp;til. Og det er ikke nogen kort historie!<br>Det startede som en katastrofe, men udviklede sig, og endte rigtig lykkeligt!<br>Der var planlagt et par koncerter, da jeg overtog koret. Og dem gennemf\u00f8rte vi selvf\u00f8lgelig. Vi fik ogs\u00e5 penge for dem. Men ud fra pr\u00e6stationen som koncertoplevelse havde vi nu ikke fortjent dem!<br>I afskedstalen blev der sagt, at jeg&nbsp;ville musik, og det skal nok passe. Jeg syntes, da jeg overtog koret, at de p\u00e5 mange m\u00e5der kunne mange ting &#8211; bl.a. er de hurtige til at l\u00e6re. Men det var stift og uden liv. Og s\u00e5 har man det evige valg: Perfekt eller musikalsk?<br>I l\u00f8bet af den tid, jeg havde Cantemus-koret, opn\u00e5ede jeg en v\u00e6ldig rutine, som vil komme mig til gode i al fremtid!<\/p>\n\n\n\n<h4 class=\"wp-block-heading\">Vivaldi i Vejle 2002<\/h4>\n\n\n\n<p>Cantemus-koret gav mig mulighed for at samle alle Vejles kor i samarbejde med organisten i Skt. Johannes Kirke og de andre organister. Jeg dirigerede et kor p\u00e5 120 mand, akkompagneret af musikere fra Odense Symfoniorkester. Det er en oplevelse, man ikke lige glemmer!<\/p>\n\n\n\n<h4 class=\"wp-block-heading\">B\u00f8rnekorsst\u00e6vne i Vejle 2003<\/h4>\n\n\n\n<p>I Vejle-tiden var jeg ogs\u00e5 med til spille, dirigere og arrangere et b\u00f8rnekorst\u00e6vne med 80 glade b\u00f8rn. (De var gladere, da de tog hjem, end da de kom. S\u00e5 det var vist en rigtig succes!) Det var fantastisk at opleve, hvordan et kor lyder forskelligt, alt efter hvem der st\u00e5r p\u00e5 podiet.<\/p>\n\n\n\n<h4 class=\"wp-block-heading\">Otterup Kirke p\u00e5 Nordfyn<\/h4>\n\n\n\n<p>Siden juni 2003 har jeg v\u00e5ret p\u00e5 Fyn, n\u00e6rmere bestemt&nbsp;Otterup Kirke. Her har jeg et livligt b\u00f8rnekor og et ungdomskor, der meget gerne m\u00e5 vokse sig st\u00f8rre.<\/p>\n","protected":false},"excerpt":{"rendered":"<p>En begyndelse Mit liv med kor begyndte, da jeg begyndte at spille klaver for alvor. Det l\u00e5 ligesom i luften, at for at f\u00e5 lov til at g\u00e5 til klaver hos den n\u00e6rmeste dygtige organist, skulle jeg synge i hendes &hellip; <a href=\"https:\/\/clauswilson.dk\/?page_id=130\">L\u00e6s resten <span class=\"meta-nav\">&rarr;<\/span><\/a><\/p>\n","protected":false},"author":1,"featured_media":0,"parent":0,"menu_order":0,"comment_status":"closed","ping_status":"closed","template":"","meta":{"footnotes":""},"class_list":["post-130","page","type-page","status-publish","hentry"],"publishpress_future_action":{"enabled":false,"date":"2026-05-12 14:38:45","action":"Draft","newStatus":"draft","terms":[],"taxonomy":"language","extraData":[]},"publishpress_future_workflow_manual_trigger":{"enabledWorkflows":[]},"_links":{"self":[{"href":"https:\/\/clauswilson.dk\/index.php?rest_route=\/wp\/v2\/pages\/130","targetHints":{"allow":["GET"]}}],"collection":[{"href":"https:\/\/clauswilson.dk\/index.php?rest_route=\/wp\/v2\/pages"}],"about":[{"href":"https:\/\/clauswilson.dk\/index.php?rest_route=\/wp\/v2\/types\/page"}],"author":[{"embeddable":true,"href":"https:\/\/clauswilson.dk\/index.php?rest_route=\/wp\/v2\/users\/1"}],"replies":[{"embeddable":true,"href":"https:\/\/clauswilson.dk\/index.php?rest_route=%2Fwp%2Fv2%2Fcomments&post=130"}],"version-history":[{"count":1,"href":"https:\/\/clauswilson.dk\/index.php?rest_route=\/wp\/v2\/pages\/130\/revisions"}],"predecessor-version":[{"id":131,"href":"https:\/\/clauswilson.dk\/index.php?rest_route=\/wp\/v2\/pages\/130\/revisions\/131"}],"wp:attachment":[{"href":"https:\/\/clauswilson.dk\/index.php?rest_route=%2Fwp%2Fv2%2Fmedia&parent=130"}],"curies":[{"name":"wp","href":"https:\/\/api.w.org\/{rel}","templated":true}]}}