{"id":138,"date":"2020-10-01T22:47:11","date_gmt":"2020-10-01T20:47:11","guid":{"rendered":"https:\/\/ubq.iks.mybluehost.me\/?page_id=138"},"modified":"2020-10-01T22:47:12","modified_gmt":"2020-10-01T20:47:12","slug":"humoer-og-hobby","status":"publish","type":"page","link":"https:\/\/clauswilson.dk\/?page_id=138","title":{"rendered":"Hum\u00f8r og Hobby"},"content":{"rendered":"\n<p>Mine hobbier r\u00e6kker fra elektronik, sprog (tysk, engelsk, fransk, latin, old-gr\u00e6sk og ny-gr\u00e6sk), programmering, \u00f8l-brygning, kafferistning, g\u00f8r-det-selv-projekter mv. Begr\u00e6nsning er en udfordring.<\/p>\n","protected":false},"excerpt":{"rendered":"<p>Mine hobbier r\u00e6kker fra elektronik, sprog (tysk, engelsk, fransk, latin, old-gr\u00e6sk og ny-gr\u00e6sk), programmering, \u00f8l-brygning, kafferistning, g\u00f8r-det-selv-projekter mv. Begr\u00e6nsning er en udfordring.<\/p>\n","protected":false},"author":1,"featured_media":0,"parent":0,"menu_order":0,"comment_status":"closed","ping_status":"closed","template":"","meta":{"footnotes":""},"class_list":["post-138","page","type-page","status-publish","hentry"],"publishpress_future_action":{"enabled":false,"date":"2026-05-12 14:51:57","action":"Draft","newStatus":"draft","terms":[],"taxonomy":"language","extraData":[]},"publishpress_future_workflow_manual_trigger":{"enabledWorkflows":[]},"_links":{"self":[{"href":"https:\/\/clauswilson.dk\/index.php?rest_route=\/wp\/v2\/pages\/138","targetHints":{"allow":["GET"]}}],"collection":[{"href":"https:\/\/clauswilson.dk\/index.php?rest_route=\/wp\/v2\/pages"}],"about":[{"href":"https:\/\/clauswilson.dk\/index.php?rest_route=\/wp\/v2\/types\/page"}],"author":[{"embeddable":true,"href":"https:\/\/clauswilson.dk\/index.php?rest_route=\/wp\/v2\/users\/1"}],"replies":[{"embeddable":true,"href":"https:\/\/clauswilson.dk\/index.php?rest_route=%2Fwp%2Fv2%2Fcomments&post=138"}],"version-history":[{"count":1,"href":"https:\/\/clauswilson.dk\/index.php?rest_route=\/wp\/v2\/pages\/138\/revisions"}],"predecessor-version":[{"id":140,"href":"https:\/\/clauswilson.dk\/index.php?rest_route=\/wp\/v2\/pages\/138\/revisions\/140"}],"wp:attachment":[{"href":"https:\/\/clauswilson.dk\/index.php?rest_route=%2Fwp%2Fv2%2Fmedia&parent=138"}],"curies":[{"name":"wp","href":"https:\/\/api.w.org\/{rel}","templated":true}]}}