{"id":141,"date":"2020-10-01T22:48:13","date_gmt":"2020-10-01T20:48:13","guid":{"rendered":"https:\/\/ubq.iks.mybluehost.me\/?page_id=141"},"modified":"2020-10-01T22:48:14","modified_gmt":"2020-10-01T20:48:14","slug":"rejser","status":"publish","type":"page","link":"https:\/\/clauswilson.dk\/?page_id=141","title":{"rendered":"Rejser"},"content":{"rendered":"\n<p>Rejser g\u00e5r ud og hjem, og de kan g\u00e5 rundt i mig. Der er mange rejser. Men de som jeg s\u00f8ger leder t\u00e6ttere p\u00e5 mennesker.<\/p>\n","protected":false},"excerpt":{"rendered":"<p>Rejser g\u00e5r ud og hjem, og de kan g\u00e5 rundt i mig. Der er mange rejser. Men de som jeg s\u00f8ger leder t\u00e6ttere p\u00e5 mennesker.<\/p>\n","protected":false},"author":1,"featured_media":0,"parent":0,"menu_order":0,"comment_status":"closed","ping_status":"closed","template":"","meta":{"footnotes":""},"class_list":["post-141","page","type-page","status-publish","hentry"],"publishpress_future_action":{"enabled":false,"date":"2026-05-12 14:57:43","action":"Draft","newStatus":"draft","terms":[],"taxonomy":"language","extraData":[]},"publishpress_future_workflow_manual_trigger":{"enabledWorkflows":[]},"_links":{"self":[{"href":"https:\/\/clauswilson.dk\/index.php?rest_route=\/wp\/v2\/pages\/141","targetHints":{"allow":["GET"]}}],"collection":[{"href":"https:\/\/clauswilson.dk\/index.php?rest_route=\/wp\/v2\/pages"}],"about":[{"href":"https:\/\/clauswilson.dk\/index.php?rest_route=\/wp\/v2\/types\/page"}],"author":[{"embeddable":true,"href":"https:\/\/clauswilson.dk\/index.php?rest_route=\/wp\/v2\/users\/1"}],"replies":[{"embeddable":true,"href":"https:\/\/clauswilson.dk\/index.php?rest_route=%2Fwp%2Fv2%2Fcomments&post=141"}],"version-history":[{"count":1,"href":"https:\/\/clauswilson.dk\/index.php?rest_route=\/wp\/v2\/pages\/141\/revisions"}],"predecessor-version":[{"id":143,"href":"https:\/\/clauswilson.dk\/index.php?rest_route=\/wp\/v2\/pages\/141\/revisions\/143"}],"wp:attachment":[{"href":"https:\/\/clauswilson.dk\/index.php?rest_route=%2Fwp%2Fv2%2Fmedia&parent=141"}],"curies":[{"name":"wp","href":"https:\/\/api.w.org\/{rel}","templated":true}]}}