{"id":28,"date":"2013-03-01T11:23:04","date_gmt":"2013-03-01T11:23:04","guid":{"rendered":"https:\/\/ubq.iks.mybluehost.me\/?page_id=28"},"modified":"2025-03-05T21:30:56","modified_gmt":"2025-03-05T20:30:56","slug":"forside","status":"publish","type":"page","link":"https:\/\/clauswilson.dk\/","title":{"rendered":"Forside"},"content":{"rendered":"\n<p>Velkommen til Claus Ladekj\u00e6r Wilsons hjemmeside!<\/p>\n\n\n\n<p>Klik p\u00e5 <a href=\"http:\/\/37.60.240.14\/?page_id=132\" data-type=\"page\" data-id=\"132\">Kirke-Claus<\/a>, <a href=\"http:\/\/37.60.240.14\/?page_id=135\" data-type=\"page\" data-id=\"135\">Klaver-Claus<\/a>, <a href=\"http:\/\/37.60.240.14\/?page_id=130\" data-type=\"page\" data-id=\"130\">Kor-Claus<\/a>, <a href=\"http:\/\/37.60.240.14\/?page_id=141\" data-type=\"page\" data-id=\"141\">Rejser<\/a> eller <a href=\"http:\/\/37.60.240.14\/?page_id=138\" data-type=\"page\" data-id=\"138\">Hum\u00f8r og Hobby<\/a> for at komme rundt p\u00e5 siden.<\/p>\n","protected":false},"excerpt":{"rendered":"<p>Velkommen til Claus Ladekj\u00e6r Wilsons hjemmeside! Klik p\u00e5 Kirke-Claus, Klaver-Claus, Kor-Claus, Rejser eller Hum\u00f8r og Hobby for at komme rundt p\u00e5 siden.<\/p>\n","protected":false},"author":1,"featured_media":147,"parent":0,"menu_order":0,"comment_status":"open","ping_status":"open","template":"","meta":{"footnotes":""},"class_list":["post-28","page","type-page","status-publish","has-post-thumbnail","hentry"],"publishpress_future_action":{"enabled":false,"date":"2026-05-12 13:45:30","action":"Draft","newStatus":"draft","terms":[],"taxonomy":"language","extraData":[]},"publishpress_future_workflow_manual_trigger":{"enabledWorkflows":[]},"_links":{"self":[{"href":"https:\/\/clauswilson.dk\/index.php?rest_route=\/wp\/v2\/pages\/28","targetHints":{"allow":["GET"]}}],"collection":[{"href":"https:\/\/clauswilson.dk\/index.php?rest_route=\/wp\/v2\/pages"}],"about":[{"href":"https:\/\/clauswilson.dk\/index.php?rest_route=\/wp\/v2\/types\/page"}],"author":[{"embeddable":true,"href":"https:\/\/clauswilson.dk\/index.php?rest_route=\/wp\/v2\/users\/1"}],"replies":[{"embeddable":true,"href":"https:\/\/clauswilson.dk\/index.php?rest_route=%2Fwp%2Fv2%2Fcomments&post=28"}],"version-history":[{"count":6,"href":"https:\/\/clauswilson.dk\/index.php?rest_route=\/wp\/v2\/pages\/28\/revisions"}],"predecessor-version":[{"id":226,"href":"https:\/\/clauswilson.dk\/index.php?rest_route=\/wp\/v2\/pages\/28\/revisions\/226"}],"wp:featuredmedia":[{"embeddable":true,"href":"https:\/\/clauswilson.dk\/index.php?rest_route=\/wp\/v2\/media\/147"}],"wp:attachment":[{"href":"https:\/\/clauswilson.dk\/index.php?rest_route=%2Fwp%2Fv2%2Fmedia&parent=28"}],"curies":[{"name":"wp","href":"https:\/\/api.w.org\/{rel}","templated":true}]}}